{"id":743,"date":"2021-10-15T12:05:12","date_gmt":"2021-10-15T12:05:12","guid":{"rendered":"http:\/\/projects.indiead.ee\/grandhaus\/about-us\/management-system\/"},"modified":"2026-04-14T12:50:18","modified_gmt":"2026-04-14T12:50:18","slug":"management-system","status":"publish","type":"page","link":"https:\/\/grandhaus.ee\/en\/about-us\/management-system\/","title":{"rendered":"Management system"},"content":{"rendered":"","protected":false},"excerpt":{"rendered":"","protected":false},"author":1,"featured_media":0,"parent":458,"menu_order":0,"comment_status":"closed","ping_status":"closed","template":"juhtimiss\u00fcsteem.php","meta":{"_acf_changed":false,"footnotes":""},"class_list":["post-743","page","type-page","status-publish","hentry"],"acf":[],"yoast_head":"<!-- This site is optimized with the Yoast SEO plugin v27.5 - https:\/\/yoast.com\/product\/yoast-seo-wordpress\/ -->\n<title>Management system - Grandhaus<\/title>\n<meta name=\"description\" content=\"Grandhaus Grupp tegutseb Eesti turul alates aastast 2005. Grandhaus Grupp pakub erinevaid kinnisvarahooldus lahendusi, alates puhastusteenustest l\u00f5petades v\u00e4ikeste remontt\u00f6\u00f6dega. Omame kvaliteetseks puhastusteenuse osutamiseks kaasaegseid seadmeid ja vahendeid ning koolitatud t\u00f6\u00f6tajaid.\" \/>\n<meta name=\"robots\" content=\"index, follow, max-snippet:-1, max-image-preview:large, max-video-preview:-1\" \/>\n<link rel=\"canonical\" href=\"https:\/\/grandhaus.ee\/en\/about-us\/management-system\/\" \/>\n<meta property=\"og:locale\" content=\"en_US\" \/>\n<meta property=\"og:type\" content=\"article\" \/>\n<meta property=\"og:title\" content=\"Management system - Grandhaus\" \/>\n<meta property=\"og:description\" content=\"Grandhaus Grupp tegutseb Eesti turul alates aastast 2005. Grandhaus Grupp pakub erinevaid kinnisvarahooldus lahendusi, alates puhastusteenustest l\u00f5petades v\u00e4ikeste remontt\u00f6\u00f6dega. Omame kvaliteetseks puhastusteenuse osutamiseks kaasaegseid seadmeid ja vahendeid ning koolitatud t\u00f6\u00f6tajaid.\" \/>\n<meta property=\"og:url\" content=\"https:\/\/grandhaus.ee\/en\/about-us\/management-system\/\" \/>\n<meta property=\"og:site_name\" content=\"Grandhaus\" \/>\n<meta property=\"article:modified_time\" content=\"2026-04-14T12:50:18+00:00\" \/>\n<meta property=\"og:image\" content=\"https:\/\/grandhaus.ee\/wp-content\/uploads\/2021\/11\/grandhaus-logo-300a-1.png\" \/>\n\t<meta property=\"og:image:width\" content=\"302\" \/>\n\t<meta property=\"og:image:height\" content=\"222\" \/>\n\t<meta property=\"og:image:type\" content=\"image\/png\" \/>\n<meta name=\"twitter:card\" content=\"summary_large_image\" \/>\n<script type=\"application\/ld+json\" class=\"yoast-schema-graph\">{\"@context\":\"https:\\\/\\\/schema.org\",\"@graph\":[{\"@type\":\"WebPage\",\"@id\":\"https:\\\/\\\/grandhaus.ee\\\/en\\\/about-us\\\/management-system\\\/\",\"url\":\"https:\\\/\\\/grandhaus.ee\\\/en\\\/about-us\\\/management-system\\\/\",\"name\":\"Management system - Grandhaus\",\"isPartOf\":{\"@id\":\"https:\\\/\\\/grandhaus.ee\\\/en\\\/#website\"},\"datePublished\":\"2021-10-15T12:05:12+00:00\",\"dateModified\":\"2026-04-14T12:50:18+00:00\",\"description\":\"Grandhaus Grupp tegutseb Eesti turul alates aastast 2005. Grandhaus Grupp pakub erinevaid kinnisvarahooldus lahendusi, alates puhastusteenustest l\u00f5petades v\u00e4ikeste remontt\u00f6\u00f6dega. Omame kvaliteetseks puhastusteenuse osutamiseks kaasaegseid seadmeid ja vahendeid ning koolitatud t\u00f6\u00f6tajaid.\",\"breadcrumb\":{\"@id\":\"https:\\\/\\\/grandhaus.ee\\\/en\\\/about-us\\\/management-system\\\/#breadcrumb\"},\"inLanguage\":\"en-US\",\"potentialAction\":[{\"@type\":\"ReadAction\",\"target\":[\"https:\\\/\\\/grandhaus.ee\\\/en\\\/about-us\\\/management-system\\\/\"]}]},{\"@type\":\"BreadcrumbList\",\"@id\":\"https:\\\/\\\/grandhaus.ee\\\/en\\\/about-us\\\/management-system\\\/#breadcrumb\",\"itemListElement\":[{\"@type\":\"ListItem\",\"position\":1,\"name\":\"Home\",\"item\":\"https:\\\/\\\/grandhaus.ee\\\/en\\\/\"},{\"@type\":\"ListItem\",\"position\":2,\"name\":\"About us\",\"item\":\"https:\\\/\\\/grandhaus.ee\\\/en\\\/about-us\\\/\"},{\"@type\":\"ListItem\",\"position\":3,\"name\":\"Management system\"}]},{\"@type\":\"WebSite\",\"@id\":\"https:\\\/\\\/grandhaus.ee\\\/en\\\/#website\",\"url\":\"https:\\\/\\\/grandhaus.ee\\\/en\\\/\",\"name\":\"Grandhaus\",\"description\":\"Cleaning services and property maintenance\",\"publisher\":{\"@id\":\"https:\\\/\\\/grandhaus.ee\\\/en\\\/#organization\"},\"potentialAction\":[{\"@type\":\"SearchAction\",\"target\":{\"@type\":\"EntryPoint\",\"urlTemplate\":\"https:\\\/\\\/grandhaus.ee\\\/en\\\/?s={search_term_string}\"},\"query-input\":{\"@type\":\"PropertyValueSpecification\",\"valueRequired\":true,\"valueName\":\"search_term_string\"}}],\"inLanguage\":\"en-US\"},{\"@type\":\"Organization\",\"@id\":\"https:\\\/\\\/grandhaus.ee\\\/en\\\/#organization\",\"name\":\"Grandhaus\",\"url\":\"https:\\\/\\\/grandhaus.ee\\\/en\\\/\",\"logo\":{\"@type\":\"ImageObject\",\"inLanguage\":\"en-US\",\"@id\":\"https:\\\/\\\/grandhaus.ee\\\/en\\\/#\\\/schema\\\/logo\\\/image\\\/\",\"url\":\"https:\\\/\\\/grandhaus.ee\\\/wp-content\\\/uploads\\\/2021\\\/11\\\/grandhaus-logo-300a-1.png\",\"contentUrl\":\"https:\\\/\\\/grandhaus.ee\\\/wp-content\\\/uploads\\\/2021\\\/11\\\/grandhaus-logo-300a-1.png\",\"width\":302,\"height\":222,\"caption\":\"Grandhaus\"},\"image\":{\"@id\":\"https:\\\/\\\/grandhaus.ee\\\/en\\\/#\\\/schema\\\/logo\\\/image\\\/\"}}]}<\/script>\n<!-- \/ Yoast SEO plugin. -->","yoast_head_json":{"title":"Management system - Grandhaus","description":"Grandhaus Grupp tegutseb Eesti turul alates aastast 2005. Grandhaus Grupp pakub erinevaid kinnisvarahooldus lahendusi, alates puhastusteenustest l\u00f5petades v\u00e4ikeste remontt\u00f6\u00f6dega. Omame kvaliteetseks puhastusteenuse osutamiseks kaasaegseid seadmeid ja vahendeid ning koolitatud t\u00f6\u00f6tajaid.","robots":{"index":"index","follow":"follow","max-snippet":"max-snippet:-1","max-image-preview":"max-image-preview:large","max-video-preview":"max-video-preview:-1"},"canonical":"https:\/\/grandhaus.ee\/en\/about-us\/management-system\/","og_locale":"en_US","og_type":"article","og_title":"Management system - Grandhaus","og_description":"Grandhaus Grupp tegutseb Eesti turul alates aastast 2005. Grandhaus Grupp pakub erinevaid kinnisvarahooldus lahendusi, alates puhastusteenustest l\u00f5petades v\u00e4ikeste remontt\u00f6\u00f6dega. Omame kvaliteetseks puhastusteenuse osutamiseks kaasaegseid seadmeid ja vahendeid ning koolitatud t\u00f6\u00f6tajaid.","og_url":"https:\/\/grandhaus.ee\/en\/about-us\/management-system\/","og_site_name":"Grandhaus","article_modified_time":"2026-04-14T12:50:18+00:00","og_image":[{"width":302,"height":222,"url":"https:\/\/grandhaus.ee\/wp-content\/uploads\/2021\/11\/grandhaus-logo-300a-1.png","type":"image\/png"}],"twitter_card":"summary_large_image","schema":{"@context":"https:\/\/schema.org","@graph":[{"@type":"WebPage","@id":"https:\/\/grandhaus.ee\/en\/about-us\/management-system\/","url":"https:\/\/grandhaus.ee\/en\/about-us\/management-system\/","name":"Management system - Grandhaus","isPartOf":{"@id":"https:\/\/grandhaus.ee\/en\/#website"},"datePublished":"2021-10-15T12:05:12+00:00","dateModified":"2026-04-14T12:50:18+00:00","description":"Grandhaus Grupp tegutseb Eesti turul alates aastast 2005. Grandhaus Grupp pakub erinevaid kinnisvarahooldus lahendusi, alates puhastusteenustest l\u00f5petades v\u00e4ikeste remontt\u00f6\u00f6dega. Omame kvaliteetseks puhastusteenuse osutamiseks kaasaegseid seadmeid ja vahendeid ning koolitatud t\u00f6\u00f6tajaid.","breadcrumb":{"@id":"https:\/\/grandhaus.ee\/en\/about-us\/management-system\/#breadcrumb"},"inLanguage":"en-US","potentialAction":[{"@type":"ReadAction","target":["https:\/\/grandhaus.ee\/en\/about-us\/management-system\/"]}]},{"@type":"BreadcrumbList","@id":"https:\/\/grandhaus.ee\/en\/about-us\/management-system\/#breadcrumb","itemListElement":[{"@type":"ListItem","position":1,"name":"Home","item":"https:\/\/grandhaus.ee\/en\/"},{"@type":"ListItem","position":2,"name":"About us","item":"https:\/\/grandhaus.ee\/en\/about-us\/"},{"@type":"ListItem","position":3,"name":"Management system"}]},{"@type":"WebSite","@id":"https:\/\/grandhaus.ee\/en\/#website","url":"https:\/\/grandhaus.ee\/en\/","name":"Grandhaus","description":"Cleaning services and property maintenance","publisher":{"@id":"https:\/\/grandhaus.ee\/en\/#organization"},"potentialAction":[{"@type":"SearchAction","target":{"@type":"EntryPoint","urlTemplate":"https:\/\/grandhaus.ee\/en\/?s={search_term_string}"},"query-input":{"@type":"PropertyValueSpecification","valueRequired":true,"valueName":"search_term_string"}}],"inLanguage":"en-US"},{"@type":"Organization","@id":"https:\/\/grandhaus.ee\/en\/#organization","name":"Grandhaus","url":"https:\/\/grandhaus.ee\/en\/","logo":{"@type":"ImageObject","inLanguage":"en-US","@id":"https:\/\/grandhaus.ee\/en\/#\/schema\/logo\/image\/","url":"https:\/\/grandhaus.ee\/wp-content\/uploads\/2021\/11\/grandhaus-logo-300a-1.png","contentUrl":"https:\/\/grandhaus.ee\/wp-content\/uploads\/2021\/11\/grandhaus-logo-300a-1.png","width":302,"height":222,"caption":"Grandhaus"},"image":{"@id":"https:\/\/grandhaus.ee\/en\/#\/schema\/logo\/image\/"}}]}},"_links":{"self":[{"href":"https:\/\/grandhaus.ee\/en\/wp-json\/wp\/v2\/pages\/743","targetHints":{"allow":["GET"]}}],"collection":[{"href":"https:\/\/grandhaus.ee\/en\/wp-json\/wp\/v2\/pages"}],"about":[{"href":"https:\/\/grandhaus.ee\/en\/wp-json\/wp\/v2\/types\/page"}],"author":[{"embeddable":true,"href":"https:\/\/grandhaus.ee\/en\/wp-json\/wp\/v2\/users\/1"}],"replies":[{"embeddable":true,"href":"https:\/\/grandhaus.ee\/en\/wp-json\/wp\/v2\/comments?post=743"}],"version-history":[{"count":4,"href":"https:\/\/grandhaus.ee\/en\/wp-json\/wp\/v2\/pages\/743\/revisions"}],"predecessor-version":[{"id":1507,"href":"https:\/\/grandhaus.ee\/en\/wp-json\/wp\/v2\/pages\/743\/revisions\/1507"}],"up":[{"embeddable":true,"href":"https:\/\/grandhaus.ee\/en\/wp-json\/wp\/v2\/pages\/458"}],"wp:attachment":[{"href":"https:\/\/grandhaus.ee\/en\/wp-json\/wp\/v2\/media?parent=743"}],"curies":[{"name":"wp","href":"https:\/\/api.w.org\/{rel}","templated":true}]}}