{"id":605,"date":"2021-10-08T12:48:41","date_gmt":"2021-10-08T12:48:41","guid":{"rendered":"http:\/\/projects.indiead.ee\/grandhaus\/%d1%83%d1%81%d0%bb%d1%83%d0%b3%d0%b8\/%d1%83%d0%bb%d0%b8%d1%87%d0%bd%d1%8b%d0%b5-%d1%80%d0%b0%d0%b1%d0%be%d1%82%d1%8b\/"},"modified":"2021-10-08T15:20:52","modified_gmt":"2021-10-08T15:20:52","slug":"%d1%83%d0%bb%d0%b8%d1%87%d0%bd%d1%8b%d0%b5-%d1%80%d0%b0%d0%b1%d0%be%d1%82%d1%8b","status":"publish","type":"page","link":"https:\/\/grandhaus.ee\/ru\/%d1%83%d1%81%d0%bb%d1%83%d0%b3%d0%b8\/%d1%83%d0%bb%d0%b8%d1%87%d0%bd%d1%8b%d0%b5-%d1%80%d0%b0%d0%b1%d0%be%d1%82%d1%8b\/","title":{"rendered":"\u0423\u043b\u0438\u0447\u043d\u044b\u0435 \u0440\u0430\u0431\u043e\u0442\u044b"},"content":{"rendered":"","protected":false},"excerpt":{"rendered":"","protected":false},"author":1,"featured_media":0,"parent":599,"menu_order":0,"comment_status":"closed","ping_status":"closed","template":"v\u00e4likoristus.php","meta":{"_acf_changed":false,"footnotes":""},"class_list":["post-605","page","type-page","status-publish","hentry"],"acf":[],"yoast_head":"<!-- This site is optimized with the Yoast SEO plugin v27.5 - https:\/\/yoast.com\/product\/yoast-seo-wordpress\/ -->\n<title>\u0423\u043b\u0438\u0447\u043d\u044b\u0435 \u0440\u0430\u0431\u043e\u0442\u044b - Grandhaus<\/title>\n<meta name=\"description\" content=\"Grandhaus Grupp tegutseb Eesti turul alates aastast 2005. Grandhaus Grupp pakub erinevaid kinnisvarahooldus lahendusi, alates puhastusteenustest l\u00f5petades v\u00e4ikeste remontt\u00f6\u00f6dega. Omame kvaliteetseks puhastusteenuse osutamiseks kaasaegseid seadmeid ja vahendeid ning koolitatud t\u00f6\u00f6tajaid.\" \/>\n<meta name=\"robots\" content=\"index, follow, max-snippet:-1, max-image-preview:large, max-video-preview:-1\" \/>\n<link rel=\"canonical\" href=\"https:\/\/grandhaus.ee\/ru\/%d1%83%d1%81%d0%bb%d1%83%d0%b3%d0%b8\/%d1%83%d0%bb%d0%b8%d1%87%d0%bd%d1%8b%d0%b5-%d1%80%d0%b0%d0%b1%d0%be%d1%82%d1%8b\/\" \/>\n<meta property=\"og:locale\" content=\"ru_RU\" \/>\n<meta property=\"og:type\" content=\"article\" \/>\n<meta property=\"og:title\" content=\"\u0423\u043b\u0438\u0447\u043d\u044b\u0435 \u0440\u0430\u0431\u043e\u0442\u044b - Grandhaus\" \/>\n<meta property=\"og:description\" content=\"Grandhaus Grupp tegutseb Eesti turul alates aastast 2005. Grandhaus Grupp pakub erinevaid kinnisvarahooldus lahendusi, alates puhastusteenustest l\u00f5petades v\u00e4ikeste remontt\u00f6\u00f6dega. Omame kvaliteetseks puhastusteenuse osutamiseks kaasaegseid seadmeid ja vahendeid ning koolitatud t\u00f6\u00f6tajaid.\" \/>\n<meta property=\"og:url\" content=\"https:\/\/grandhaus.ee\/ru\/%d1%83%d1%81%d0%bb%d1%83%d0%b3%d0%b8\/%d1%83%d0%bb%d0%b8%d1%87%d0%bd%d1%8b%d0%b5-%d1%80%d0%b0%d0%b1%d0%be%d1%82%d1%8b\/\" \/>\n<meta property=\"og:site_name\" content=\"Grandhaus\" \/>\n<meta property=\"article:modified_time\" content=\"2021-10-08T15:20:52+00:00\" \/>\n<meta property=\"og:image\" content=\"https:\/\/grandhaus.ee\/wp-content\/uploads\/2021\/11\/grandhaus-logo-300a-1.png\" \/>\n\t<meta property=\"og:image:width\" content=\"302\" \/>\n\t<meta property=\"og:image:height\" content=\"222\" \/>\n\t<meta property=\"og:image:type\" content=\"image\/png\" \/>\n<meta name=\"twitter:card\" content=\"summary_large_image\" \/>\n<script type=\"application\/ld+json\" class=\"yoast-schema-graph\">{\"@context\":\"https:\\\/\\\/schema.org\",\"@graph\":[{\"@type\":\"WebPage\",\"@id\":\"https:\\\/\\\/grandhaus.ee\\\/ru\\\/%d1%83%d1%81%d0%bb%d1%83%d0%b3%d0%b8\\\/%d1%83%d0%bb%d0%b8%d1%87%d0%bd%d1%8b%d0%b5-%d1%80%d0%b0%d0%b1%d0%be%d1%82%d1%8b\\\/\",\"url\":\"https:\\\/\\\/grandhaus.ee\\\/ru\\\/%d1%83%d1%81%d0%bb%d1%83%d0%b3%d0%b8\\\/%d1%83%d0%bb%d0%b8%d1%87%d0%bd%d1%8b%d0%b5-%d1%80%d0%b0%d0%b1%d0%be%d1%82%d1%8b\\\/\",\"name\":\"\u0423\u043b\u0438\u0447\u043d\u044b\u0435 \u0440\u0430\u0431\u043e\u0442\u044b - Grandhaus\",\"isPartOf\":{\"@id\":\"https:\\\/\\\/grandhaus.ee\\\/ru\\\/#website\"},\"datePublished\":\"2021-10-08T12:48:41+00:00\",\"dateModified\":\"2021-10-08T15:20:52+00:00\",\"description\":\"Grandhaus Grupp tegutseb Eesti turul alates aastast 2005. Grandhaus Grupp pakub erinevaid kinnisvarahooldus lahendusi, alates puhastusteenustest l\u00f5petades v\u00e4ikeste remontt\u00f6\u00f6dega. Omame kvaliteetseks puhastusteenuse osutamiseks kaasaegseid seadmeid ja vahendeid ning koolitatud t\u00f6\u00f6tajaid.\",\"breadcrumb\":{\"@id\":\"https:\\\/\\\/grandhaus.ee\\\/ru\\\/%d1%83%d1%81%d0%bb%d1%83%d0%b3%d0%b8\\\/%d1%83%d0%bb%d0%b8%d1%87%d0%bd%d1%8b%d0%b5-%d1%80%d0%b0%d0%b1%d0%be%d1%82%d1%8b\\\/#breadcrumb\"},\"inLanguage\":\"ru-RU\",\"potentialAction\":[{\"@type\":\"ReadAction\",\"target\":[\"https:\\\/\\\/grandhaus.ee\\\/ru\\\/%d1%83%d1%81%d0%bb%d1%83%d0%b3%d0%b8\\\/%d1%83%d0%bb%d0%b8%d1%87%d0%bd%d1%8b%d0%b5-%d1%80%d0%b0%d0%b1%d0%be%d1%82%d1%8b\\\/\"]}]},{\"@type\":\"BreadcrumbList\",\"@id\":\"https:\\\/\\\/grandhaus.ee\\\/ru\\\/%d1%83%d1%81%d0%bb%d1%83%d0%b3%d0%b8\\\/%d1%83%d0%bb%d0%b8%d1%87%d0%bd%d1%8b%d0%b5-%d1%80%d0%b0%d0%b1%d0%be%d1%82%d1%8b\\\/#breadcrumb\",\"itemListElement\":[{\"@type\":\"ListItem\",\"position\":1,\"name\":\"Home\",\"item\":\"https:\\\/\\\/grandhaus.ee\\\/ru\\\/\"},{\"@type\":\"ListItem\",\"position\":2,\"name\":\"\u0423\u0441\u043b\u0443\u0433\u0438\",\"item\":\"https:\\\/\\\/grandhaus.ee\\\/ru\\\/%d1%83%d1%81%d0%bb%d1%83%d0%b3%d0%b8\\\/\"},{\"@type\":\"ListItem\",\"position\":3,\"name\":\"\u0423\u043b\u0438\u0447\u043d\u044b\u0435 \u0440\u0430\u0431\u043e\u0442\u044b\"}]},{\"@type\":\"WebSite\",\"@id\":\"https:\\\/\\\/grandhaus.ee\\\/ru\\\/#website\",\"url\":\"https:\\\/\\\/grandhaus.ee\\\/ru\\\/\",\"name\":\"Grandhaus\",\"description\":\"\u0420\u0430\u0437\u043b\u0438\u0447\u043d\u044b\u0435 \u0440\u0435\u0448\u0435\u043d\u0438\u044f \u0432 \u043e\u0431\u043b\u0430\u0441\u0442\u0438 \u043e\u0431\u0441\u043b\u0443\u0436\u0438\u0432\u0430\u043d\u0438\u044f \u043d\u0435\u0434\u0432\u0438\u0436\u0438\u043c\u043e\u0441\u0442\u0438\",\"publisher\":{\"@id\":\"https:\\\/\\\/grandhaus.ee\\\/ru\\\/#organization\"},\"potentialAction\":[{\"@type\":\"SearchAction\",\"target\":{\"@type\":\"EntryPoint\",\"urlTemplate\":\"https:\\\/\\\/grandhaus.ee\\\/ru\\\/?s={search_term_string}\"},\"query-input\":{\"@type\":\"PropertyValueSpecification\",\"valueRequired\":true,\"valueName\":\"search_term_string\"}}],\"inLanguage\":\"ru-RU\"},{\"@type\":\"Organization\",\"@id\":\"https:\\\/\\\/grandhaus.ee\\\/ru\\\/#organization\",\"name\":\"Grandhaus\",\"url\":\"https:\\\/\\\/grandhaus.ee\\\/ru\\\/\",\"logo\":{\"@type\":\"ImageObject\",\"inLanguage\":\"ru-RU\",\"@id\":\"https:\\\/\\\/grandhaus.ee\\\/ru\\\/#\\\/schema\\\/logo\\\/image\\\/\",\"url\":\"https:\\\/\\\/grandhaus.ee\\\/wp-content\\\/uploads\\\/2021\\\/11\\\/grandhaus-logo-300a-1.png\",\"contentUrl\":\"https:\\\/\\\/grandhaus.ee\\\/wp-content\\\/uploads\\\/2021\\\/11\\\/grandhaus-logo-300a-1.png\",\"width\":302,\"height\":222,\"caption\":\"Grandhaus\"},\"image\":{\"@id\":\"https:\\\/\\\/grandhaus.ee\\\/ru\\\/#\\\/schema\\\/logo\\\/image\\\/\"}}]}<\/script>\n<!-- \/ Yoast SEO plugin. -->","yoast_head_json":{"title":"\u0423\u043b\u0438\u0447\u043d\u044b\u0435 \u0440\u0430\u0431\u043e\u0442\u044b - Grandhaus","description":"Grandhaus Grupp tegutseb Eesti turul alates aastast 2005. Grandhaus Grupp pakub erinevaid kinnisvarahooldus lahendusi, alates puhastusteenustest l\u00f5petades v\u00e4ikeste remontt\u00f6\u00f6dega. Omame kvaliteetseks puhastusteenuse osutamiseks kaasaegseid seadmeid ja vahendeid ning koolitatud t\u00f6\u00f6tajaid.","robots":{"index":"index","follow":"follow","max-snippet":"max-snippet:-1","max-image-preview":"max-image-preview:large","max-video-preview":"max-video-preview:-1"},"canonical":"https:\/\/grandhaus.ee\/ru\/%d1%83%d1%81%d0%bb%d1%83%d0%b3%d0%b8\/%d1%83%d0%bb%d0%b8%d1%87%d0%bd%d1%8b%d0%b5-%d1%80%d0%b0%d0%b1%d0%be%d1%82%d1%8b\/","og_locale":"ru_RU","og_type":"article","og_title":"\u0423\u043b\u0438\u0447\u043d\u044b\u0435 \u0440\u0430\u0431\u043e\u0442\u044b - Grandhaus","og_description":"Grandhaus Grupp tegutseb Eesti turul alates aastast 2005. Grandhaus Grupp pakub erinevaid kinnisvarahooldus lahendusi, alates puhastusteenustest l\u00f5petades v\u00e4ikeste remontt\u00f6\u00f6dega. Omame kvaliteetseks puhastusteenuse osutamiseks kaasaegseid seadmeid ja vahendeid ning koolitatud t\u00f6\u00f6tajaid.","og_url":"https:\/\/grandhaus.ee\/ru\/%d1%83%d1%81%d0%bb%d1%83%d0%b3%d0%b8\/%d1%83%d0%bb%d0%b8%d1%87%d0%bd%d1%8b%d0%b5-%d1%80%d0%b0%d0%b1%d0%be%d1%82%d1%8b\/","og_site_name":"Grandhaus","article_modified_time":"2021-10-08T15:20:52+00:00","og_image":[{"width":302,"height":222,"url":"https:\/\/grandhaus.ee\/wp-content\/uploads\/2021\/11\/grandhaus-logo-300a-1.png","type":"image\/png"}],"twitter_card":"summary_large_image","schema":{"@context":"https:\/\/schema.org","@graph":[{"@type":"WebPage","@id":"https:\/\/grandhaus.ee\/ru\/%d1%83%d1%81%d0%bb%d1%83%d0%b3%d0%b8\/%d1%83%d0%bb%d0%b8%d1%87%d0%bd%d1%8b%d0%b5-%d1%80%d0%b0%d0%b1%d0%be%d1%82%d1%8b\/","url":"https:\/\/grandhaus.ee\/ru\/%d1%83%d1%81%d0%bb%d1%83%d0%b3%d0%b8\/%d1%83%d0%bb%d0%b8%d1%87%d0%bd%d1%8b%d0%b5-%d1%80%d0%b0%d0%b1%d0%be%d1%82%d1%8b\/","name":"\u0423\u043b\u0438\u0447\u043d\u044b\u0435 \u0440\u0430\u0431\u043e\u0442\u044b - Grandhaus","isPartOf":{"@id":"https:\/\/grandhaus.ee\/ru\/#website"},"datePublished":"2021-10-08T12:48:41+00:00","dateModified":"2021-10-08T15:20:52+00:00","description":"Grandhaus Grupp tegutseb Eesti turul alates aastast 2005. Grandhaus Grupp pakub erinevaid kinnisvarahooldus lahendusi, alates puhastusteenustest l\u00f5petades v\u00e4ikeste remontt\u00f6\u00f6dega. Omame kvaliteetseks puhastusteenuse osutamiseks kaasaegseid seadmeid ja vahendeid ning koolitatud t\u00f6\u00f6tajaid.","breadcrumb":{"@id":"https:\/\/grandhaus.ee\/ru\/%d1%83%d1%81%d0%bb%d1%83%d0%b3%d0%b8\/%d1%83%d0%bb%d0%b8%d1%87%d0%bd%d1%8b%d0%b5-%d1%80%d0%b0%d0%b1%d0%be%d1%82%d1%8b\/#breadcrumb"},"inLanguage":"ru-RU","potentialAction":[{"@type":"ReadAction","target":["https:\/\/grandhaus.ee\/ru\/%d1%83%d1%81%d0%bb%d1%83%d0%b3%d0%b8\/%d1%83%d0%bb%d0%b8%d1%87%d0%bd%d1%8b%d0%b5-%d1%80%d0%b0%d0%b1%d0%be%d1%82%d1%8b\/"]}]},{"@type":"BreadcrumbList","@id":"https:\/\/grandhaus.ee\/ru\/%d1%83%d1%81%d0%bb%d1%83%d0%b3%d0%b8\/%d1%83%d0%bb%d0%b8%d1%87%d0%bd%d1%8b%d0%b5-%d1%80%d0%b0%d0%b1%d0%be%d1%82%d1%8b\/#breadcrumb","itemListElement":[{"@type":"ListItem","position":1,"name":"Home","item":"https:\/\/grandhaus.ee\/ru\/"},{"@type":"ListItem","position":2,"name":"\u0423\u0441\u043b\u0443\u0433\u0438","item":"https:\/\/grandhaus.ee\/ru\/%d1%83%d1%81%d0%bb%d1%83%d0%b3%d0%b8\/"},{"@type":"ListItem","position":3,"name":"\u0423\u043b\u0438\u0447\u043d\u044b\u0435 \u0440\u0430\u0431\u043e\u0442\u044b"}]},{"@type":"WebSite","@id":"https:\/\/grandhaus.ee\/ru\/#website","url":"https:\/\/grandhaus.ee\/ru\/","name":"Grandhaus","description":"\u0420\u0430\u0437\u043b\u0438\u0447\u043d\u044b\u0435 \u0440\u0435\u0448\u0435\u043d\u0438\u044f \u0432 \u043e\u0431\u043b\u0430\u0441\u0442\u0438 \u043e\u0431\u0441\u043b\u0443\u0436\u0438\u0432\u0430\u043d\u0438\u044f \u043d\u0435\u0434\u0432\u0438\u0436\u0438\u043c\u043e\u0441\u0442\u0438","publisher":{"@id":"https:\/\/grandhaus.ee\/ru\/#organization"},"potentialAction":[{"@type":"SearchAction","target":{"@type":"EntryPoint","urlTemplate":"https:\/\/grandhaus.ee\/ru\/?s={search_term_string}"},"query-input":{"@type":"PropertyValueSpecification","valueRequired":true,"valueName":"search_term_string"}}],"inLanguage":"ru-RU"},{"@type":"Organization","@id":"https:\/\/grandhaus.ee\/ru\/#organization","name":"Grandhaus","url":"https:\/\/grandhaus.ee\/ru\/","logo":{"@type":"ImageObject","inLanguage":"ru-RU","@id":"https:\/\/grandhaus.ee\/ru\/#\/schema\/logo\/image\/","url":"https:\/\/grandhaus.ee\/wp-content\/uploads\/2021\/11\/grandhaus-logo-300a-1.png","contentUrl":"https:\/\/grandhaus.ee\/wp-content\/uploads\/2021\/11\/grandhaus-logo-300a-1.png","width":302,"height":222,"caption":"Grandhaus"},"image":{"@id":"https:\/\/grandhaus.ee\/ru\/#\/schema\/logo\/image\/"}}]}},"_links":{"self":[{"href":"https:\/\/grandhaus.ee\/ru\/wp-json\/wp\/v2\/pages\/605","targetHints":{"allow":["GET"]}}],"collection":[{"href":"https:\/\/grandhaus.ee\/ru\/wp-json\/wp\/v2\/pages"}],"about":[{"href":"https:\/\/grandhaus.ee\/ru\/wp-json\/wp\/v2\/types\/page"}],"author":[{"embeddable":true,"href":"https:\/\/grandhaus.ee\/ru\/wp-json\/wp\/v2\/users\/1"}],"replies":[{"embeddable":true,"href":"https:\/\/grandhaus.ee\/ru\/wp-json\/wp\/v2\/comments?post=605"}],"version-history":[{"count":6,"href":"https:\/\/grandhaus.ee\/ru\/wp-json\/wp\/v2\/pages\/605\/revisions"}],"predecessor-version":[{"id":697,"href":"https:\/\/grandhaus.ee\/ru\/wp-json\/wp\/v2\/pages\/605\/revisions\/697"}],"up":[{"embeddable":true,"href":"https:\/\/grandhaus.ee\/ru\/wp-json\/wp\/v2\/pages\/599"}],"wp:attachment":[{"href":"https:\/\/grandhaus.ee\/ru\/wp-json\/wp\/v2\/media?parent=605"}],"curies":[{"name":"wp","href":"https:\/\/api.w.org\/{rel}","templated":true}]}}